{"id":1005,"date":"2016-04-27T18:10:04","date_gmt":"2016-04-27T18:10:04","guid":{"rendered":"http:\/\/www.ayresdeesperanza.org\/?page_id=1005"},"modified":"2018-09-05T15:18:55","modified_gmt":"2018-09-05T15:18:55","slug":"familia-conin","status":"publish","type":"page","link":"https:\/\/www.ayresdeesperanza.org\/?page_id=1005","title":{"rendered":"Familia Conin"},"content":{"rendered":"<hr \/>\n<p><strong>CONIN\u00a0Argentina\u00a0<\/strong>fue fundada en la Ciudad de Mendoza (Argentina) el 4 de septiembre de 1993 por el Dr. Abel Albino, siguiendo el exitoso modelo implementado por el Prof. Dr. Fernando M\u00f6nckeberg en la Rep\u00fablica de Chile.<\/p>\n<p><strong>La Fundaci\u00f3n CONIN<\/strong> tiene por objetivo \u201cquebrar\u201d la desnutrici\u00f3n infantil y trabajar por \u201cun pa\u00eds con igualdad de oportunidades, donde todos puedan desplegar su potencial gen\u00e9tico, donde todos sus miembros pueden optar con libertad el camino a seguir, no limitados por incapacidades intelectuales\u201d.\u00a0 Eliminar la desnutrici\u00f3n infantil en la Argentina, \u201ccomenzando por Mendoza y luego extenderse al resto de Am\u00e9rica Latina\u201d.<\/p>\n<p>El \u00e9xito y efectividad de la metodolog\u00eda CONIN determin\u00f3 que distintas asociaciones desearan sumarse a ese objetivo y modo de trabajo, naciendo as\u00ed la <strong>Familia CONIN<\/strong>, la cual comprende a las organizaciones que tomaron al Centro de Prevenci\u00f3n de Mendoza como modelo a replicar. Ellas adoptan la metodolog\u00eda de CONIN y al completar los requisitos requeridos se firma la <em>\u201cFranquicia Solidaria\u201d<\/em> pas\u00e1ndose a integrar oficialmente la Red. Sus autoridades capacitan, asesoran y apoyan a cada centro, el cual se compromete a aplicar la metodolog\u00eda CONIN y env\u00edan la informaci\u00f3n de su trabajo mediante un tablero mensual.<\/p>\n<p>Todo centro de la Familia CONIN se auto-gestiona administrativa y econ\u00f3micamente. <a href=\"http:\/\/www.conin.org.ar\">m\u00e1s informaci\u00f3n aqu\u00ed<\/a><\/p>\n","protected":false},"excerpt":{"rendered":"<p>CONIN\u00a0Argentina\u00a0fue fundada en la Ciudad de Mendoza (Argentina) el 4 de septiembre de 1993 por el Dr. Abel Albino, siguiendo el exitoso modelo implementado por el Prof. Dr. Fernando M\u00f6nckeberg en la Rep\u00fablica de Chile. La Fundaci\u00f3n CONIN tiene por objetivo \u201cquebrar\u201d la desnutrici\u00f3n infantil y trabajar por \u201cun pa\u00eds con igualdad de oportunidades, donde todos puedan desplegar su potencial gen\u00e9tico, donde todos sus miembros pueden optar con libertad el camino a seguir, no limitados por incapacidades intelectuales\u201d.\u00a0 Eliminar la &#8230; <i><a class=\"read-more\" href=\"https:\/\/www.ayresdeesperanza.org\/?page_id=1005\">read more<\/a><\/i><\/p>\n","protected":false},"author":4,"featured_media":0,"parent":0,"menu_order":0,"comment_status":"closed","ping_status":"closed","template":"","meta":[],"_links":{"self":[{"href":"https:\/\/www.ayresdeesperanza.org\/index.php?rest_route=\/wp\/v2\/pages\/1005"}],"collection":[{"href":"https:\/\/www.ayresdeesperanza.org\/index.php?rest_route=\/wp\/v2\/pages"}],"about":[{"href":"https:\/\/www.ayresdeesperanza.org\/index.php?rest_route=\/wp\/v2\/types\/page"}],"author":[{"embeddable":true,"href":"https:\/\/www.ayresdeesperanza.org\/index.php?rest_route=\/wp\/v2\/users\/4"}],"replies":[{"embeddable":true,"href":"https:\/\/www.ayresdeesperanza.org\/index.php?rest_route=%2Fwp%2Fv2%2Fcomments&post=1005"}],"version-history":[{"count":5,"href":"https:\/\/www.ayresdeesperanza.org\/index.php?rest_route=\/wp\/v2\/pages\/1005\/revisions"}],"predecessor-version":[{"id":1070,"href":"https:\/\/www.ayresdeesperanza.org\/index.php?rest_route=\/wp\/v2\/pages\/1005\/revisions\/1070"}],"wp:attachment":[{"href":"https:\/\/www.ayresdeesperanza.org\/index.php?rest_route=%2Fwp%2Fv2%2Fmedia&parent=1005"}],"curies":[{"name":"wp","href":"https:\/\/api.w.org\/{rel}","templated":true}]}}