{"id":732,"date":"2015-03-26T15:55:48","date_gmt":"2015-03-26T15:55:48","guid":{"rendered":"http:\/\/demo.rescuethemes.com\/advocator\/?page_id=732"},"modified":"2018-09-05T15:19:59","modified_gmt":"2018-09-05T15:19:59","slug":"tabbed-contact-forms","status":"publish","type":"page","link":"https:\/\/www.ayresdeesperanza.org\/?page_id=732","title":{"rendered":"Ponete en contacto"},"content":{"rendered":"<hr \/>\n<p><a href=\"https:\/\/www.ayresdeesperanza.org\/wp-content\/uploads\/2015\/03\/contactenos.jpg\"><img decoding=\"async\" loading=\"lazy\" class=\"alignnone wp-image-965 size-full\" src=\"https:\/\/www.ayresdeesperanza.org\/wp-content\/uploads\/2015\/03\/contactenos.jpg\" alt=\"contactenos\" width=\"529\" height=\"264\" \/><\/a><\/p>\n<p>Estamos encantados de hablar con vos sobre lo que hacemos y como pod\u00e9s formar parte de ello.<\/p>\n<p>Solo completa el formulario a continuaci\u00f3n para ponerte en contacto con nosotros y decinos en que \u00e1rea est\u00e1s interesado en colaborar. O llamanos o mandanos un email. Hacenos llegar\u00a0tus preguntas, contanos en\u00a0que pod\u00e9s ayudar y <strong>unite a nosotros<\/strong>.<\/p>\n\n<div id=\"rescue-tab-ponete-en-contacto-con-nosotros\" class=\"tab-content  rescue-all\"><p>\n<div role=\"form\" class=\"wpcf7\" id=\"wpcf7-f134-o1\" lang=\"en-US\" dir=\"ltr\">\n<div class=\"screen-reader-response\"><p role=\"status\" aria-live=\"polite\" aria-atomic=\"true\"><\/p> <ul><\/ul><\/div>\n<form action=\"\/index.php?rest_route=%2Fwp%2Fv2%2Fpages%2F732#wpcf7-f134-o1\" method=\"post\" class=\"wpcf7-form init\" novalidate=\"novalidate\" data-status=\"init\">\n<div style=\"display: none;\">\n<input type=\"hidden\" name=\"_wpcf7\" value=\"134\" \/>\n<input type=\"hidden\" name=\"_wpcf7_version\" value=\"5.5.6\" \/>\n<input type=\"hidden\" name=\"_wpcf7_locale\" value=\"en_US\" \/>\n<input type=\"hidden\" name=\"_wpcf7_unit_tag\" value=\"wpcf7-f134-o1\" \/>\n<input type=\"hidden\" name=\"_wpcf7_container_post\" value=\"0\" \/>\n<input type=\"hidden\" name=\"_wpcf7_posted_data_hash\" value=\"\" \/>\n<\/div>\n<p>Tu nombre <br \/>\n    <span class=\"wpcf7-form-control-wrap your-name\"><input type=\"text\" name=\"your-name\" value=\"\" size=\"40\" class=\"wpcf7-form-control wpcf7-text wpcf7-validates-as-required\" aria-required=\"true\" aria-invalid=\"false\" \/><\/span> <\/p>\n<p>Tu email <br \/>\n    <span class=\"wpcf7-form-control-wrap your-email\"><input type=\"email\" name=\"your-email\" value=\"\" size=\"40\" class=\"wpcf7-form-control wpcf7-text wpcf7-email wpcf7-validates-as-required wpcf7-validates-as-email\" aria-required=\"true\" aria-invalid=\"false\" \/><\/span> <\/p>\n<p>Asunto<br \/>\n    <span class=\"wpcf7-form-control-wrap your-subject\"><input type=\"text\" name=\"your-subject\" value=\"\" size=\"40\" class=\"wpcf7-form-control wpcf7-text\" aria-invalid=\"false\" \/><\/span> <\/p>\n<p>Tu mensaje<br \/>\n    <span class=\"wpcf7-form-control-wrap your-message\"><textarea name=\"your-message\" cols=\"40\" rows=\"10\" class=\"wpcf7-form-control wpcf7-textarea\" aria-invalid=\"false\"><\/textarea><\/span> <\/p>\n<p><input type=\"submit\" value=\"Enviar\" class=\"wpcf7-form-control has-spinner wpcf7-submit\" \/><\/p>\n<p style=\"display: none !important;\"><label>&#916;<textarea name=\"_wpcf7_ak_hp_textarea\" cols=\"45\" rows=\"8\" maxlength=\"100\"><\/textarea><\/label><input type=\"hidden\" id=\"ak_js_1\" name=\"_wpcf7_ak_js\" value=\"27\"\/><script>document.getElementById( \"ak_js_1\" ).setAttribute( \"value\", ( new Date() ).getTime() );<\/script><\/p><div class=\"wpcf7-response-output\" aria-hidden=\"true\"><\/div><\/form><\/div>\n<\/p><\/div>\n<p>&nbsp;<\/p>\n","protected":false},"excerpt":{"rendered":"<p>Estamos encantados de hablar con vos sobre lo que hacemos y como pod\u00e9s formar parte de ello. Solo completa el formulario a continuaci\u00f3n para ponerte en contacto con nosotros y decinos en que \u00e1rea est\u00e1s interesado en colaborar. O llamanos o mandanos un email. Hacenos llegar\u00a0tus preguntas, contanos en\u00a0que pod\u00e9s ayudar y unite a nosotros. &nbsp;<\/p>\n","protected":false},"author":3,"featured_media":0,"parent":0,"menu_order":0,"comment_status":"closed","ping_status":"closed","template":"","meta":[],"_links":{"self":[{"href":"https:\/\/www.ayresdeesperanza.org\/index.php?rest_route=\/wp\/v2\/pages\/732"}],"collection":[{"href":"https:\/\/www.ayresdeesperanza.org\/index.php?rest_route=\/wp\/v2\/pages"}],"about":[{"href":"https:\/\/www.ayresdeesperanza.org\/index.php?rest_route=\/wp\/v2\/types\/page"}],"author":[{"embeddable":true,"href":"https:\/\/www.ayresdeesperanza.org\/index.php?rest_route=\/wp\/v2\/users\/3"}],"replies":[{"embeddable":true,"href":"https:\/\/www.ayresdeesperanza.org\/index.php?rest_route=%2Fwp%2Fv2%2Fcomments&post=732"}],"version-history":[{"count":18,"href":"https:\/\/www.ayresdeesperanza.org\/index.php?rest_route=\/wp\/v2\/pages\/732\/revisions"}],"predecessor-version":[{"id":1247,"href":"https:\/\/www.ayresdeesperanza.org\/index.php?rest_route=\/wp\/v2\/pages\/732\/revisions\/1247"}],"wp:attachment":[{"href":"https:\/\/www.ayresdeesperanza.org\/index.php?rest_route=%2Fwp%2Fv2%2Fmedia&parent=732"}],"curies":[{"name":"wp","href":"https:\/\/api.w.org\/{rel}","templated":true}]}}