{"id":757,"date":"2015-10-16T19:13:42","date_gmt":"2015-10-16T19:13:42","guid":{"rendered":"http:\/\/www.ayresdeesperanza.org\/?page_id=757"},"modified":"2016-04-20T03:30:10","modified_gmt":"2016-04-20T03:30:10","slug":"quienes-somos","status":"publish","type":"page","link":"https:\/\/www.ayresdeesperanza.org\/?page_id=757","title":{"rendered":"Quienes Somos"},"content":{"rendered":"<p>Ayres de Esperanza es una <b>A<\/b><b>sociaci\u00f3n <\/b><b>sin fines de lucro <\/b>cuyo principal objetivo es ayudar a <b>mejorar la calidad de vida de ni\u00f1os y adolescentes de bajos recursos <\/b>del Barrio Salas (Del Viso, partido de Pilar), a trav\u00e9s de la <b>educaci\u00f3n, <\/b>la<b> salud <\/b>y la <b>espiritualidad. <\/b><\/p>\n<p>Comenz\u00f3 como un comedor comunitario y luego fue incorporando cada vez m\u00e1s actividades teniendo siempre como objetivo el <b>desarrollo integral de la persona<\/b>, trabajando con <b>una gran contenci\u00f3n afectiva y conocimiento personalizado<\/b>.<\/p>\n<p>&nbsp;<\/p>\n<h2 style=\"text-align: center;\">Nuestra misi\u00f3n<\/h2>\n<p>Formar<b> personas <\/b><b>de bien y l\u00edderes positivos <\/b>que puedan transformar su realidad, respetando y valorando la dignidad humana.<\/p>\n<p>Formar <b>madres que tengan m\u00e1s confianza en s\u00ed mismas <\/b>para lograr v\u00ednculos familiares m\u00e1s fuertes.<\/p>\n<p>Formar <b>chicos que generen una visi\u00f3n positiva hacia el futuro <\/b>para una mejor inserci\u00f3n escolar y sociabilizaci\u00f3n.\u00a0<i> <\/i><\/p>\n<p>&nbsp;<\/p>\n<p>&nbsp;<\/p>\n","protected":false},"excerpt":{"rendered":"<p>Ayres de Esperanza es una Asociaci\u00f3n sin fines de lucro cuyo principal objetivo es ayudar a mejorar la calidad de vida de ni\u00f1os y adolescentes de bajos recursos del Barrio Salas (Del Viso, partido de Pilar), a trav\u00e9s de la educaci\u00f3n, la salud y la espiritualidad. Comenz\u00f3 como un comedor comunitario y luego fue incorporando cada vez m\u00e1s actividades teniendo siempre como objetivo el desarrollo integral de la persona, trabajando con una gran contenci\u00f3n afectiva y conocimiento personalizado. &nbsp; Nuestra &#8230; <i><a class=\"read-more\" href=\"https:\/\/www.ayresdeesperanza.org\/?page_id=757\">read more<\/a><\/i><\/p>\n","protected":false},"author":1,"featured_media":0,"parent":0,"menu_order":0,"comment_status":"closed","ping_status":"closed","template":"template-full.php","meta":[],"_links":{"self":[{"href":"https:\/\/www.ayresdeesperanza.org\/index.php?rest_route=\/wp\/v2\/pages\/757"}],"collection":[{"href":"https:\/\/www.ayresdeesperanza.org\/index.php?rest_route=\/wp\/v2\/pages"}],"about":[{"href":"https:\/\/www.ayresdeesperanza.org\/index.php?rest_route=\/wp\/v2\/types\/page"}],"author":[{"embeddable":true,"href":"https:\/\/www.ayresdeesperanza.org\/index.php?rest_route=\/wp\/v2\/users\/1"}],"replies":[{"embeddable":true,"href":"https:\/\/www.ayresdeesperanza.org\/index.php?rest_route=%2Fwp%2Fv2%2Fcomments&post=757"}],"version-history":[{"count":15,"href":"https:\/\/www.ayresdeesperanza.org\/index.php?rest_route=\/wp\/v2\/pages\/757\/revisions"}],"predecessor-version":[{"id":857,"href":"https:\/\/www.ayresdeesperanza.org\/index.php?rest_route=\/wp\/v2\/pages\/757\/revisions\/857"}],"wp:attachment":[{"href":"https:\/\/www.ayresdeesperanza.org\/index.php?rest_route=%2Fwp%2Fv2%2Fmedia&parent=757"}],"curies":[{"name":"wp","href":"https:\/\/api.w.org\/{rel}","templated":true}]}}