{"id":770,"date":"2015-10-16T19:29:57","date_gmt":"2015-10-16T19:29:57","guid":{"rendered":"http:\/\/www.ayresdeesperanza.org\/?page_id=770"},"modified":"2016-04-20T03:32:37","modified_gmt":"2016-04-20T03:32:37","slug":"nuestra-historia","status":"publish","type":"page","link":"https:\/\/www.ayresdeesperanza.org\/?page_id=770","title":{"rendered":"Nuestra Historia"},"content":{"rendered":"<p>Hacia el a\u00f1o<b> 2002<\/b>, en una casilla de un asentamiento precario a orillas del arroyo Gar\u00edn funcionaba una <b>olla popular <\/b>donde voluntarios residentes del barrio privado Ayres de Pilar comenzaron a trabajar.<\/p>\n<p>En el <b>2003<\/b> la Municipalidad de Pilar cede un <b>terreno <\/b><b>en el <\/b><b>barrio <\/b><b>Salas<\/b>, para ser utilizado como sede del <b>Centro Comunitario El Arroyito<\/b>. Para aquel entonces se contaba tan s\u00f3lo con dos contenedores donados que hacia las veces de estructura edilicia.<\/p>\n<p>En a\u00f1o<b> 2004 se conforma la Asociaci\u00f3n Ayres de Esperanza <\/b>d\u00e1ndole mayor impulso al proyecto. Ese a\u00f1o se anexa un gran sal\u00f3n comedor, dos ba\u00f1os y una cocina.<\/p>\n<p>En el <b>2006<\/b>, gracias a la donaci\u00f3n de las empresas Later Cer y IECSA <b>se<\/b> <b>logra <\/b><b>construir una sala entre los dos contenedores <\/b>donde hoy funciona la biblioteca y se dictan las clases de apoyo escolar, los talleres y las charlas de formaci\u00f3n.<\/p>\n<p>Se inaugura el Jard\u00edn de Infantes \u201cSemillitas\u201d, con sala de 4 y 5.<\/p>\n<p>En el a\u00f1o 2009 incorporamos sala de<i> 3 a\u00f1os. <\/i><\/p>\n<p>A mediados del <b>2013<\/b><b>, <\/b><b>se firma la <\/b><b>franquicia con <\/b><b>CONIN <\/b>Mendoza para sumarse al trabajo para la prevenci\u00f3n y la recuperaci\u00f3n de la desnutrici\u00f3n infantil.<\/p>\n<p>Actualmente y luego de tantos a\u00f1os de esfuerzo y de unir voluntades, logramos que Ayres de Esperanza se convierta en un <b>lugar alegre, cuidado y lleno de amor.<\/b><\/p>\n","protected":false},"excerpt":{"rendered":"<p>Hacia el a\u00f1o 2002, en una casilla de un asentamiento precario a orillas del arroyo Gar\u00edn funcionaba una olla popular donde voluntarios residentes del barrio privado Ayres de Pilar comenzaron a trabajar. En el 2003 la Municipalidad de Pilar cede un terreno en el barrio Salas, para ser utilizado como sede del Centro Comunitario El Arroyito. Para aquel entonces se contaba tan s\u00f3lo con dos contenedores donados que hacia las veces de estructura edilicia. En a\u00f1o 2004 se conforma la &#8230; <i><a class=\"read-more\" href=\"https:\/\/www.ayresdeesperanza.org\/?page_id=770\">read more<\/a><\/i><\/p>\n","protected":false},"author":1,"featured_media":0,"parent":0,"menu_order":0,"comment_status":"closed","ping_status":"closed","template":"template-full.php","meta":[],"_links":{"self":[{"href":"https:\/\/www.ayresdeesperanza.org\/index.php?rest_route=\/wp\/v2\/pages\/770"}],"collection":[{"href":"https:\/\/www.ayresdeesperanza.org\/index.php?rest_route=\/wp\/v2\/pages"}],"about":[{"href":"https:\/\/www.ayresdeesperanza.org\/index.php?rest_route=\/wp\/v2\/types\/page"}],"author":[{"embeddable":true,"href":"https:\/\/www.ayresdeesperanza.org\/index.php?rest_route=\/wp\/v2\/users\/1"}],"replies":[{"embeddable":true,"href":"https:\/\/www.ayresdeesperanza.org\/index.php?rest_route=%2Fwp%2Fv2%2Fcomments&post=770"}],"version-history":[{"count":7,"href":"https:\/\/www.ayresdeesperanza.org\/index.php?rest_route=\/wp\/v2\/pages\/770\/revisions"}],"predecessor-version":[{"id":859,"href":"https:\/\/www.ayresdeesperanza.org\/index.php?rest_route=\/wp\/v2\/pages\/770\/revisions\/859"}],"wp:attachment":[{"href":"https:\/\/www.ayresdeesperanza.org\/index.php?rest_route=%2Fwp%2Fv2%2Fmedia&parent=770"}],"curies":[{"name":"wp","href":"https:\/\/api.w.org\/{rel}","templated":true}]}}