{"id":779,"date":"2015-10-16T19:35:29","date_gmt":"2015-10-16T19:35:29","guid":{"rendered":"http:\/\/www.ayresdeesperanza.org\/?page_id=779"},"modified":"2018-09-05T15:00:23","modified_gmt":"2018-09-05T15:00:23","slug":"jardin-de-infantes-semillitas","status":"publish","type":"page","link":"https:\/\/www.ayresdeesperanza.org\/?page_id=779","title":{"rendered":"Jard\u00edn de infantes Semillitas"},"content":{"rendered":"<hr \/>\n<p><img decoding=\"async\" loading=\"lazy\" class=\"size-medium wp-image-1024 alignleft\" src=\"https:\/\/www.ayresdeesperanza.org\/wp-content\/uploads\/IMG-20160309-WA0009-300x300.jpg\" alt=\"IMG-20160309-WA0009\" width=\"300\" height=\"300\" srcset=\"https:\/\/www.ayresdeesperanza.org\/wp-content\/uploads\/IMG-20160309-WA0009-300x300.jpg 300w, https:\/\/www.ayresdeesperanza.org\/wp-content\/uploads\/IMG-20160309-WA0009-150x150.jpg 150w, https:\/\/www.ayresdeesperanza.org\/wp-content\/uploads\/IMG-20160309-WA0009-1024x1024.jpg 1024w\" sizes=\"(max-width: 300px) 100vw, 300px\" \/><\/p>\n<p><strong>Objetivo:<\/strong><\/p>\n<p>El desarrollo integral de los ni\u00f1os entre (3-5 a\u00f1os) respetando su singularidad y creatividad, tendiendo a la formaci\u00f3n de h\u00e1bitos, habilidades que les permita desarrollar una personalidad equilibrada y asumir responsablemente roles y desempe\u00f1arse en sus comunidades como hombres y mujeres de bien, preocup\u00e1ndose por los m\u00e1s d\u00e9biles el d\u00eda de ma\u00f1ana.<\/p>\n<blockquote><p>El amor y atenci\u00f3n integral del ni\u00f1o en la primera infancia, son los pilares fundamentales para su vida futura.<\/p><\/blockquote>\n<p><img decoding=\"async\" loading=\"lazy\" class=\"wp-image-1022 aligncenter\" src=\"https:\/\/www.ayresdeesperanza.org\/wp-content\/uploads\/IMG_20160308_085620018_HDR-300x300.jpg\" alt=\"IMG_20160308_085620018_HDR\" width=\"379\" height=\"379\" srcset=\"https:\/\/www.ayresdeesperanza.org\/wp-content\/uploads\/IMG_20160308_085620018_HDR-300x300.jpg 300w, https:\/\/www.ayresdeesperanza.org\/wp-content\/uploads\/IMG_20160308_085620018_HDR-150x150.jpg 150w, https:\/\/www.ayresdeesperanza.org\/wp-content\/uploads\/IMG_20160308_085620018_HDR-1024x1024.jpg 1024w\" sizes=\"(max-width: 379px) 100vw, 379px\" \/><\/p>\n<p>&nbsp;<\/p>\n<p>D\u00eda y horario: Lunes a viernes de 8:45hs a 11:45hs<\/p>\n","protected":false},"excerpt":{"rendered":"<p>Objetivo: El desarrollo integral de los ni\u00f1os entre (3-5 a\u00f1os) respetando su singularidad y creatividad, tendiendo a la formaci\u00f3n de h\u00e1bitos, habilidades que les permita desarrollar una personalidad equilibrada y asumir responsablemente roles y desempe\u00f1arse en sus comunidades como hombres y mujeres de bien, preocup\u00e1ndose por los m\u00e1s d\u00e9biles el d\u00eda de ma\u00f1ana. El amor y atenci\u00f3n integral del ni\u00f1o en la primera infancia, son los pilares fundamentales para su vida futura. &nbsp; D\u00eda y horario: Lunes a viernes de &#8230; <i><a class=\"read-more\" href=\"https:\/\/www.ayresdeesperanza.org\/?page_id=779\">read more<\/a><\/i><\/p>\n","protected":false},"author":1,"featured_media":0,"parent":0,"menu_order":0,"comment_status":"closed","ping_status":"closed","template":"","meta":[],"_links":{"self":[{"href":"https:\/\/www.ayresdeesperanza.org\/index.php?rest_route=\/wp\/v2\/pages\/779"}],"collection":[{"href":"https:\/\/www.ayresdeesperanza.org\/index.php?rest_route=\/wp\/v2\/pages"}],"about":[{"href":"https:\/\/www.ayresdeesperanza.org\/index.php?rest_route=\/wp\/v2\/types\/page"}],"author":[{"embeddable":true,"href":"https:\/\/www.ayresdeesperanza.org\/index.php?rest_route=\/wp\/v2\/users\/1"}],"replies":[{"embeddable":true,"href":"https:\/\/www.ayresdeesperanza.org\/index.php?rest_route=%2Fwp%2Fv2%2Fcomments&post=779"}],"version-history":[{"count":14,"href":"https:\/\/www.ayresdeesperanza.org\/index.php?rest_route=\/wp\/v2\/pages\/779\/revisions"}],"predecessor-version":[{"id":1237,"href":"https:\/\/www.ayresdeesperanza.org\/index.php?rest_route=\/wp\/v2\/pages\/779\/revisions\/1237"}],"wp:attachment":[{"href":"https:\/\/www.ayresdeesperanza.org\/index.php?rest_route=%2Fwp%2Fv2%2Fmedia&parent=779"}],"curies":[{"name":"wp","href":"https:\/\/api.w.org\/{rel}","templated":true}]}}