{"id":781,"date":"2015-10-19T13:00:42","date_gmt":"2015-10-19T13:00:42","guid":{"rendered":"http:\/\/www.ayresdeesperanza.org\/?page_id=781"},"modified":"2018-09-05T15:10:33","modified_gmt":"2018-09-05T15:10:33","slug":"apoyo-escolar","status":"publish","type":"page","link":"https:\/\/www.ayresdeesperanza.org\/?page_id=781","title":{"rendered":"Apoyo Escolar"},"content":{"rendered":"<hr \/>\n<p><img decoding=\"async\" loading=\"lazy\" class=\"alignnone size-medium wp-image-1035\" src=\"https:\/\/www.ayresdeesperanza.org\/wp-content\/uploads\/apoyo-escolar-300x300.jpg\" alt=\"apoyo escolar\" width=\"300\" height=\"300\" srcset=\"https:\/\/www.ayresdeesperanza.org\/wp-content\/uploads\/apoyo-escolar-300x300.jpg 300w, https:\/\/www.ayresdeesperanza.org\/wp-content\/uploads\/apoyo-escolar-150x150.jpg 150w, https:\/\/www.ayresdeesperanza.org\/wp-content\/uploads\/apoyo-escolar-1024x1024.jpg 1024w\" sizes=\"(max-width: 300px) 100vw, 300px\" \/><\/p>\n<p><strong>Objetivos:<\/strong><\/p>\n<p>Ayudar a los chicos en su aprendizaje, complementando el trabajo de alfabetizaci\u00f3n que realiza la escuela.<\/p>\n<p>Reforzar la comprensi\u00f3n lectora y mejorar la expresi\u00f3n oral y escrita.<\/p>\n<p>Trabajamos junto a la asociaci\u00f3n <strong>Ac\u00e1 Aprendemos<\/strong>, dedicada al desarrollo de programas extras escolares <a href=\"http:\/\/www.acaaprendemos.org\/\">http:\/\/www.acaaprendemos.org\/<\/a>.<\/p>\n<p>El programa se centra en el Aprendizaje emocional, ofrece\u00a0 la posibilidad de realizar experiencias para la alfabetizaci\u00f3n innovadoras, para aprender y comprender m\u00e1s y mejor. Los chicos acceden a material did\u00e1ctico innovador que incorpora el aprendizaje de habilidades socio-emocionales y de pensamiento. Las actividades planificadas involucran todos los sentidos, atienden a la diversidad de intereses, y desarrollan la confianza en las propias capacidades.<\/p>\n<p>Este taller est\u00e1 destinado a chicos de primaria de 2do a 6to. Se divide a los chicos en niveles seg\u00fan la etapa de lectoescritura que se encuentren.<\/p>\n<p>El taller se realiza:<\/p>\n<ul>\n<li>Lunes y mi\u00e9rcoles de 13:45 a 15:45h<\/li>\n<li>Martes y jueves de 9 a 11hs.<\/li>\n<\/ul>\n","protected":false},"excerpt":{"rendered":"<p>Objetivos: Ayudar a los chicos en su aprendizaje, complementando el trabajo de alfabetizaci\u00f3n que realiza la escuela. Reforzar la comprensi\u00f3n lectora y mejorar la expresi\u00f3n oral y escrita. Trabajamos junto a la asociaci\u00f3n Ac\u00e1 Aprendemos, dedicada al desarrollo de programas extras escolares http:\/\/www.acaaprendemos.org\/. El programa se centra en el Aprendizaje emocional, ofrece\u00a0 la posibilidad de realizar experiencias para la alfabetizaci\u00f3n innovadoras, para aprender y comprender m\u00e1s y mejor. Los chicos acceden a material did\u00e1ctico innovador que incorpora el aprendizaje de &#8230; <i><a class=\"read-more\" href=\"https:\/\/www.ayresdeesperanza.org\/?page_id=781\">read more<\/a><\/i><\/p>\n","protected":false},"author":1,"featured_media":0,"parent":0,"menu_order":0,"comment_status":"closed","ping_status":"closed","template":"","meta":[],"_links":{"self":[{"href":"https:\/\/www.ayresdeesperanza.org\/index.php?rest_route=\/wp\/v2\/pages\/781"}],"collection":[{"href":"https:\/\/www.ayresdeesperanza.org\/index.php?rest_route=\/wp\/v2\/pages"}],"about":[{"href":"https:\/\/www.ayresdeesperanza.org\/index.php?rest_route=\/wp\/v2\/types\/page"}],"author":[{"embeddable":true,"href":"https:\/\/www.ayresdeesperanza.org\/index.php?rest_route=\/wp\/v2\/users\/1"}],"replies":[{"embeddable":true,"href":"https:\/\/www.ayresdeesperanza.org\/index.php?rest_route=%2Fwp%2Fv2%2Fcomments&post=781"}],"version-history":[{"count":7,"href":"https:\/\/www.ayresdeesperanza.org\/index.php?rest_route=\/wp\/v2\/pages\/781\/revisions"}],"predecessor-version":[{"id":1238,"href":"https:\/\/www.ayresdeesperanza.org\/index.php?rest_route=\/wp\/v2\/pages\/781\/revisions\/1238"}],"wp:attachment":[{"href":"https:\/\/www.ayresdeesperanza.org\/index.php?rest_route=%2Fwp%2Fv2%2Fmedia&parent=781"}],"curies":[{"name":"wp","href":"https:\/\/api.w.org\/{rel}","templated":true}]}}