{"id":785,"date":"2015-10-19T13:01:30","date_gmt":"2015-10-19T13:01:30","guid":{"rendered":"http:\/\/www.ayresdeesperanza.org\/?page_id=785"},"modified":"2018-09-05T15:12:12","modified_gmt":"2018-09-05T15:12:12","slug":"estimulacion-temprana","status":"publish","type":"page","link":"https:\/\/www.ayresdeesperanza.org\/?page_id=785","title":{"rendered":"Estimulaci\u00f3n temprana"},"content":{"rendered":"<hr \/>\n<p><img decoding=\"async\" loading=\"lazy\" class=\"alignnone size-medium wp-image-1032\" src=\"https:\/\/www.ayresdeesperanza.org\/wp-content\/uploads\/Est-2-300x300.jpg\" alt=\"Est 2\" width=\"300\" height=\"300\" srcset=\"https:\/\/www.ayresdeesperanza.org\/wp-content\/uploads\/Est-2-300x300.jpg 300w, https:\/\/www.ayresdeesperanza.org\/wp-content\/uploads\/Est-2-150x150.jpg 150w, https:\/\/www.ayresdeesperanza.org\/wp-content\/uploads\/Est-2-1024x1024.jpg 1024w\" sizes=\"(max-width: 300px) 100vw, 300px\" \/><\/p>\n<p>Objetivo:<\/p>\n<ul>\n<li>Fomentar el v\u00ednculo madre hijo a trav\u00e9s del juego.<\/li>\n<li>Fomentar el rol de la madre como principal estimuladora del ni\u00f1o<\/li>\n<\/ul>\n<p>Cantidad de asistentes:<\/p>\n<p>40 mamas con sus hijos entre 0 y 3 a\u00f1os de edad.<\/p>\n<p>Se divide en 3 grupos:<\/p>\n<ul>\n<li>Ni\u00f1os de 2 a\u00f1os<\/li>\n<li>Deambuladores<\/li>\n<li>Bebes y embarazadas<\/li>\n<\/ul>\n<p>Cada grupo tiene una voluntaria responsable y una o m\u00e1s voluntarias asistentes.<\/p>\n<p>&nbsp;<\/p>\n<p>D\u00eda y horario:<\/p>\n<p>Martes de 14:00hs a 16:00hs<\/p>\n","protected":false},"excerpt":{"rendered":"<p>Objetivo: Fomentar el v\u00ednculo madre hijo a trav\u00e9s del juego. Fomentar el rol de la madre como principal estimuladora del ni\u00f1o Cantidad de asistentes: 40 mamas con sus hijos entre 0 y 3 a\u00f1os de edad. Se divide en 3 grupos: Ni\u00f1os de 2 a\u00f1os Deambuladores Bebes y embarazadas Cada grupo tiene una voluntaria responsable y una o m\u00e1s voluntarias asistentes. &nbsp; D\u00eda y horario: Martes de 14:00hs a 16:00hs<\/p>\n","protected":false},"author":1,"featured_media":0,"parent":0,"menu_order":0,"comment_status":"closed","ping_status":"closed","template":"","meta":[],"_links":{"self":[{"href":"https:\/\/www.ayresdeesperanza.org\/index.php?rest_route=\/wp\/v2\/pages\/785"}],"collection":[{"href":"https:\/\/www.ayresdeesperanza.org\/index.php?rest_route=\/wp\/v2\/pages"}],"about":[{"href":"https:\/\/www.ayresdeesperanza.org\/index.php?rest_route=\/wp\/v2\/types\/page"}],"author":[{"embeddable":true,"href":"https:\/\/www.ayresdeesperanza.org\/index.php?rest_route=\/wp\/v2\/users\/1"}],"replies":[{"embeddable":true,"href":"https:\/\/www.ayresdeesperanza.org\/index.php?rest_route=%2Fwp%2Fv2%2Fcomments&post=785"}],"version-history":[{"count":7,"href":"https:\/\/www.ayresdeesperanza.org\/index.php?rest_route=\/wp\/v2\/pages\/785\/revisions"}],"predecessor-version":[{"id":1242,"href":"https:\/\/www.ayresdeesperanza.org\/index.php?rest_route=\/wp\/v2\/pages\/785\/revisions\/1242"}],"wp:attachment":[{"href":"https:\/\/www.ayresdeesperanza.org\/index.php?rest_route=%2Fwp%2Fv2%2Fmedia&parent=785"}],"curies":[{"name":"wp","href":"https:\/\/api.w.org\/{rel}","templated":true}]}}