{"id":787,"date":"2015-10-19T13:01:52","date_gmt":"2015-10-19T13:01:52","guid":{"rendered":"http:\/\/www.ayresdeesperanza.org\/?page_id=787"},"modified":"2016-04-29T22:37:03","modified_gmt":"2016-04-29T22:37:03","slug":"catequesis","status":"publish","type":"page","link":"https:\/\/www.ayresdeesperanza.org\/?page_id=787","title":{"rendered":"Catequesis"},"content":{"rendered":"<p><strong>Objetivo:<\/strong><\/p>\n<p>Generar en los chicos que participan un encuentro con Dios, con ellos mismos y con el pr\u00f3jimo a trav\u00e9s de los valores de la fe.<\/p>\n<ul>\n<li>Que conozcan los fundamentos b\u00e1sicos de la fe.<\/li>\n<li>Que los chicos tengan un primer encuentro con ellos mismo(virtudes y defectos).<\/li>\n<li>Generar v\u00ednculos de unidad y reconciliaci\u00f3n entre todos los chicos que participan.<\/li>\n<li>Integrar a los padres de familia en este camino de fe.<\/li>\n<\/ul>\n<p>La catequesis se realiza los d\u00edas S\u00c1BADOS de 10.30 a 12hs.<\/p>\n<p>Se divide en grupos: 1ro y 2do a\u00f1o de Primera Comuni\u00f3n y 1ro y 2do. A\u00f1o de Confirmaci\u00f3n.<\/p>\n<p>Cada grupo tiene un catequista responsable.<\/p>\n","protected":false},"excerpt":{"rendered":"<p>Objetivo: Generar en los chicos que participan un encuentro con Dios, con ellos mismos y con el pr\u00f3jimo a trav\u00e9s de los valores de la fe. Que conozcan los fundamentos b\u00e1sicos de la fe. Que los chicos tengan un primer encuentro con ellos mismo(virtudes y defectos). Generar v\u00ednculos de unidad y reconciliaci\u00f3n entre todos los chicos que participan. Integrar a los padres de familia en este camino de fe. La catequesis se realiza los d\u00edas S\u00c1BADOS de 10.30 a 12hs. &#8230; <i><a class=\"read-more\" href=\"https:\/\/www.ayresdeesperanza.org\/?page_id=787\">read more<\/a><\/i><\/p>\n","protected":false},"author":1,"featured_media":0,"parent":0,"menu_order":0,"comment_status":"closed","ping_status":"closed","template":"","meta":[],"_links":{"self":[{"href":"https:\/\/www.ayresdeesperanza.org\/index.php?rest_route=\/wp\/v2\/pages\/787"}],"collection":[{"href":"https:\/\/www.ayresdeesperanza.org\/index.php?rest_route=\/wp\/v2\/pages"}],"about":[{"href":"https:\/\/www.ayresdeesperanza.org\/index.php?rest_route=\/wp\/v2\/types\/page"}],"author":[{"embeddable":true,"href":"https:\/\/www.ayresdeesperanza.org\/index.php?rest_route=\/wp\/v2\/users\/1"}],"replies":[{"embeddable":true,"href":"https:\/\/www.ayresdeesperanza.org\/index.php?rest_route=%2Fwp%2Fv2%2Fcomments&post=787"}],"version-history":[{"count":2,"href":"https:\/\/www.ayresdeesperanza.org\/index.php?rest_route=\/wp\/v2\/pages\/787\/revisions"}],"predecessor-version":[{"id":1074,"href":"https:\/\/www.ayresdeesperanza.org\/index.php?rest_route=\/wp\/v2\/pages\/787\/revisions\/1074"}],"wp:attachment":[{"href":"https:\/\/www.ayresdeesperanza.org\/index.php?rest_route=%2Fwp%2Fv2%2Fmedia&parent=787"}],"curies":[{"name":"wp","href":"https:\/\/api.w.org\/{rel}","templated":true}]}}