{"id":789,"date":"2015-10-19T13:02:15","date_gmt":"2015-10-19T13:02:15","guid":{"rendered":"http:\/\/www.ayresdeesperanza.org\/?page_id=789"},"modified":"2019-04-24T22:35:43","modified_gmt":"2019-04-24T22:35:43","slug":"centro-conin-del-viso","status":"publish","type":"page","link":"https:\/\/www.ayresdeesperanza.org\/?page_id=789","title":{"rendered":"Centro Conin Del Viso"},"content":{"rendered":"<hr \/>\n<p>Obtuvimos nuestra\u00a0<strong>franquicia a mediados del 2013<\/strong>. Siguiendo la metodolog\u00eda de Fundaci\u00f3n Conin, creada por el Dr. Abel Albino en Mendoza, nos unimos a la\u00a0<strong>lucha por quebrar la desnutrici\u00f3n infantil<\/strong>.<\/p>\n<p>Actualmente atendemos a\u00a0<strong>43\u00a0familias <\/strong>con un programa integral para madres y ni\u00f1os.<\/p>\n<p>El trabajo con la mama tiene como objetivo modificar pautas de crianza\u00a0que son determinantes en la desnutrici\u00f3n de su hijo (alfabetizaci\u00f3n, educaci\u00f3n para la salud, alimentaci\u00f3n, pautas de desarrollo psicomotor del ni\u00f1o, capacitaci\u00f3n laboral, etc.).<\/p>\n<p>El\u00a0<strong>ni\u00f1o<\/strong>\u00a0recibe\u00a0<strong>estimulaci\u00f3n integral\u00a0<\/strong>para favorecer su desarrollo (fonoaudiolog\u00eda, psicopedagog\u00eda, atenci\u00f3n temprana, jard\u00edn maternal e infantil, etc.).<\/p>\n<p>El\u00a0<strong>financiamiento<\/strong>\u00a0de cada uno de los Centros se obtiene por\u00a0<strong>autogesti\u00f3n<\/strong>, no recibiendo aportes econ\u00f3micos de la Fundaci\u00f3n Conin<\/p>\n<hr \/>\n<p>El Programa comprende las siguientes \u00e1reas:<\/p>\n<div class=\"rescue-toggle  rescue-all\"><h3 class=\"rescue-toggle-trigger\">Nutrici\u00f3n<\/h3><div class=\"rescue-toggle-container\">\nSe brinda atenci\u00f3n en consultorios de pediatr\u00eda y nutrici\u00f3n y se capacita a las madres en talleres de alimentaci\u00f3n saludable, lactancia materna y huerta.<br \/>\n<\/div><\/div>\n<div class=\"rescue-toggle  rescue-all\"><h3 class=\"rescue-toggle-trigger\">Estimulaci\u00f3n<\/h3><div class=\"rescue-toggle-container\">\nSe trabaja con los ni\u00f1os y sus mam\u00e1s a trav\u00e9s de talleres y consultorios en:<br \/>\nEstimulaci\u00f3n temprana: para ni\u00f1os de 0 a 3 a\u00f1os.<br \/>\n<\/div><\/div>\n<div class=\"rescue-toggle  rescue-all\"><h3 class=\"rescue-toggle-trigger\">Estimulaci\u00f3n integral<\/h3><div class=\"rescue-toggle-container\">\nTrabajan en aprendizaje de modales, vida pr\u00e1ctica, comportamiento y estimulaci\u00f3n ling\u00fc\u00edstica, matem\u00e1tica, sensorial y espiritual.<br \/>\n<\/div><\/div>\n<div class=\"rescue-toggle  rescue-all\"><h3 class=\"rescue-toggle-trigger\">Social<\/h3><div class=\"rescue-toggle-container\">\nSe aborda de manera integral la problem\u00e1tica cotidiana de las familias en condiciones de vulnerabilidad social que se encuentran bajo el Programa.<br \/>\n<\/div><\/div>\n<div class=\"rescue-toggle  rescue-all\"><h3 class=\"rescue-toggle-trigger\">Desarrollo Humano<\/h3><div class=\"rescue-toggle-container\">\nSe busca promover la inclusi\u00f3n social y el fortalecimiento familiar, a trav\u00e9s de capacitaciones en oficios, brindando herramientas para que las madres logren desarrollar autoestima y generar sus propios recursos. Se implementa a partir de talleres de tejido, costura, computaci\u00f3n, creatividad y promoci\u00f3n humana.<br \/>\n<\/div><\/div>\n<p>&nbsp;<\/p>\n<p><strong>Como lo Hacemos<\/strong><br \/>\nPrevenir la desnutrici\u00f3n realizando un abordaje integral de la problem\u00e1tica que da origen a la extrema pobreza.<br \/>\nFavorecer el v\u00ednculo materno-infantil para lograr un arm\u00f3nico desarrollo del ni\u00f1o desde sus primeros a\u00f1os de vida.<br \/>\nRevertir el da\u00f1o inicial de la malnutrici\u00f3n a trav\u00e9s de un programa temprano e integral de estimulaci\u00f3n cognitiva, afectiva, psicol\u00f3gica, evolutiva y espiritual.<br \/>\nCapacitar a las mam\u00e1s acerca de nociones b\u00e1sicas de cuidados e higiene del ni\u00f1o.<br \/>\nFormar a las madres en cuanto a las diferentes etapas evolutivas de su hijo.<\/p>\n<p>&nbsp;<\/p>\n<p>Referimos ahora cu\u00e1l es el procedimiento b\u00e1sico. Llamamos\u00a0<strong>&#8220;d\u00eda CONIN&#8221;<\/strong>\u00a0al d\u00eda en que se desarrollan las actividades propias de la metodolog\u00eda CONIN, en las que las mam\u00e1s concurren una vez por semana con los ni\u00f1os menores de 5 a\u00f1os.<\/p>\n<p>Nuestro\u00a0<em>d\u00eda CONIN<\/em>\u00a0en\u00a0Ayres de Esperanza &#8211; <strong>Centro CONIN Del Viso es;<\/strong><\/p>\n<p>Los mi\u00e9rcoles y jueves de 13:00 a 16:00 hs.<\/p>\n<p>&nbsp;<\/p>\n<p><strong>PROCEDIMIENTO B\u00c1SICO<\/strong><\/p>\n<ol>\n<li>Contacto de los beneficiarios con el centro de Prevenci\u00f3n y Promoci\u00f3n Humana (principalmente por derivaciones institucionales, motivaci\u00f3n y necesidad propia de la poblaci\u00f3n y relevamiento de poblaciones en riesgo realizado por CONIN o por otras personas)<\/li>\n<li>Procedimiento de ingreso: Diagn\u00f3stico de Ingreso realizado por pediatra y asistente social.<\/li>\n<li>Ingreso del ni\u00f1o y su madre a todos los programas. Se firma un acuerdo con la mam\u00e1 (o adulto responsable) para consolidar con seriedad el mutuo compromiso (presentismo, participaci\u00f3n, atenci\u00f3n, etc.).<\/li>\n<li>Egreso del programa:<\/li>\n<\/ol>\n<ul>\n<li>Cuando el ni\u00f1o cumple 5 a\u00f1os deja de ser &#8220;ni\u00f1o CONIN&#8221; y pasa a ser beneficiario indirecto si tiene hermanos menores a esa edad que contin\u00faan en programa.<\/li>\n<li>Cuando el equipo operativo lo determine, seg\u00fan estado de los ni\u00f1os y grado de capacitaci\u00f3n logrado por la mam\u00e1 para no recaer.<\/li>\n<li>Si la familia no cumple los requisitos indispensables que fueron acordados al ingresar. Durante 6 meses luego del egreso concurrir\u00e1n al centro para control de los ni\u00f1os y para retirar el bols\u00f3n alimentario una vez por mes.<\/li>\n<\/ul>\n<p><strong>NUESTRO D\u00cdA CONIN<\/strong><\/p>\n<ul>\n<li>El ni\u00f1o y la madre llegan al centro, se les toma lista<\/li>\n<li>De modo ordenado algunas madres lleva a los ni\u00f1os a la sala de estimulaci\u00f3n integral&#8230;<\/li>\n<li>Los ni\u00f1os permanecen en sala de estimulaci\u00f3n integral .All\u00ed las buscan (con sus chicos) los profesionales de consultorio. (pediatra, nutricionista, psicopedagoga, asistente social) Mientras tanto sus mam\u00e1s se dirigen a su zona de capacitaci\u00f3n, y participan del o los talleres previstos para ese d\u00eda.<\/li>\n<li>En el transcurso del\u00a0<em>d\u00eda CONIN\u00a0<\/em>cada uno de los profesionales que atiende al ni\u00f1o (pediatra, nutricionista, &#8220;estimuladoras&#8221;), buscar\u00e1 primero a la madre (que se encuentra en alguna de las capacitaciones) y la misma asiste a los consultorios junto con sus peque\u00f1os (1-2-3 seg\u00fan el profesional haya determinado). Este momento es fundamental para realizar educaci\u00f3n de manera individual y con indicaciones precisas. Esto es prioridad frente a la permanencia de la madre en un taller.<\/li>\n<li>Luego el ni\u00f1o vuelve a la sala integrada de ni\u00f1os y la mam\u00e1 a sus actividades.<\/li>\n<li>Antes de retirarse madres, ni\u00f1os y personal ordenan y limpian y luego se entrega el bols\u00f3n alimentario, preparado seg\u00fan indicaci\u00f3n de nutricionista.<\/li>\n<\/ul>\n","protected":false},"excerpt":{"rendered":"<p>Obtuvimos nuestra\u00a0franquicia a mediados del 2013. Siguiendo la metodolog\u00eda de Fundaci\u00f3n Conin, creada por el Dr. Abel Albino en Mendoza, nos unimos a la\u00a0lucha por quebrar la desnutrici\u00f3n infantil. Actualmente atendemos a\u00a043\u00a0familias con un programa integral para madres y ni\u00f1os. El trabajo con la mama tiene como objetivo modificar pautas de crianza\u00a0que son determinantes en la desnutrici\u00f3n de su hijo (alfabetizaci\u00f3n, educaci\u00f3n para la salud, alimentaci\u00f3n, pautas de desarrollo psicomotor del ni\u00f1o, capacitaci\u00f3n laboral, etc.). El\u00a0ni\u00f1o\u00a0recibe\u00a0estimulaci\u00f3n integral\u00a0para favorecer su desarrollo &#8230; <i><a class=\"read-more\" href=\"https:\/\/www.ayresdeesperanza.org\/?page_id=789\">read more<\/a><\/i><\/p>\n","protected":false},"author":1,"featured_media":0,"parent":0,"menu_order":0,"comment_status":"closed","ping_status":"closed","template":"","meta":[],"_links":{"self":[{"href":"https:\/\/www.ayresdeesperanza.org\/index.php?rest_route=\/wp\/v2\/pages\/789"}],"collection":[{"href":"https:\/\/www.ayresdeesperanza.org\/index.php?rest_route=\/wp\/v2\/pages"}],"about":[{"href":"https:\/\/www.ayresdeesperanza.org\/index.php?rest_route=\/wp\/v2\/types\/page"}],"author":[{"embeddable":true,"href":"https:\/\/www.ayresdeesperanza.org\/index.php?rest_route=\/wp\/v2\/users\/1"}],"replies":[{"embeddable":true,"href":"https:\/\/www.ayresdeesperanza.org\/index.php?rest_route=%2Fwp%2Fv2%2Fcomments&post=789"}],"version-history":[{"count":12,"href":"https:\/\/www.ayresdeesperanza.org\/index.php?rest_route=\/wp\/v2\/pages\/789\/revisions"}],"predecessor-version":[{"id":1259,"href":"https:\/\/www.ayresdeesperanza.org\/index.php?rest_route=\/wp\/v2\/pages\/789\/revisions\/1259"}],"wp:attachment":[{"href":"https:\/\/www.ayresdeesperanza.org\/index.php?rest_route=%2Fwp%2Fv2%2Fmedia&parent=789"}],"curies":[{"name":"wp","href":"https:\/\/api.w.org\/{rel}","templated":true}]}}