{"id":795,"date":"2015-10-19T13:03:37","date_gmt":"2015-10-19T13:03:37","guid":{"rendered":"http:\/\/www.ayresdeesperanza.org\/?page_id=795"},"modified":"2016-04-28T18:44:38","modified_gmt":"2016-04-28T18:44:38","slug":"trabajo-en-red","status":"publish","type":"page","link":"https:\/\/www.ayresdeesperanza.org\/?page_id=795","title":{"rendered":"Trabajo en red"},"content":{"rendered":"<p><i>Las redes aportan un valor a\u00f1adido a las actividades individuales por cuanto constituyen un marco para el intercambio de experiencias y conocimientos, as\u00ed como para dar una mayor proyecci\u00f3n al trabajo propio<\/i><i>.<\/i><\/p>\n<p><i>\u00a0 Es por este motivo <\/i><b><i>que Ayres de Esperanza <\/i><\/b><i>trabaja en red junto con<\/i><b><i> otras Ong\u00b4s <\/i><\/b><i>para ayudar a estas familias de bajos recursos de Pilar, a salir de la situaci\u00f3n de vulnerabilidad<\/i> <i>en la que se encuentran. <\/i><\/p>\n<p><i>\u00a0 Ayres de Esperanza forma parte de la <\/i><b><i>Familia CONIN<\/i><\/b><i> contribuyendo con la lucha contra la desnutrici\u00f3n infantil, desarrolla su taller de apoyo escolar con el m\u00e9todo de la Instituci\u00f3n <\/i><b><i>Educar y Crecer <\/i><\/b><i>y su taller de alfabetizaci\u00f3n de adultos junto con <\/i><b><i>Crece Argentina.<\/i><\/b><\/p>\n<p>&#8211;<i>Centro de Salud Barrio Salas, Hospital Municipal de Pediatr\u00eda R. Falc\u00f3n, Maternidad Meisner, Escuela Nro. 44 y Nro. 9, autoridades Municipales y Provinciales.<\/i><\/p>\n<p>&#8211;<i>Centros CONIN de la zona y de todo el pa\u00eds, Caminando Juntos, Banco de Alimentos, Caritas Del Viso, Rotary Club.<\/i><\/p>\n","protected":false},"excerpt":{"rendered":"<p>Las redes aportan un valor a\u00f1adido a las actividades individuales por cuanto constituyen un marco para el intercambio de experiencias y conocimientos, as\u00ed como para dar una mayor proyecci\u00f3n al trabajo propio. \u00a0 Es por este motivo que Ayres de Esperanza trabaja en red junto con otras Ong\u00b4s para ayudar a estas familias de bajos recursos de Pilar, a salir de la situaci\u00f3n de vulnerabilidad en la que se encuentran. \u00a0 Ayres de Esperanza forma parte de la Familia CONIN &#8230; <i><a class=\"read-more\" href=\"https:\/\/www.ayresdeesperanza.org\/?page_id=795\">read more<\/a><\/i><\/p>\n","protected":false},"author":1,"featured_media":0,"parent":0,"menu_order":0,"comment_status":"closed","ping_status":"closed","template":"","meta":[],"_links":{"self":[{"href":"https:\/\/www.ayresdeesperanza.org\/index.php?rest_route=\/wp\/v2\/pages\/795"}],"collection":[{"href":"https:\/\/www.ayresdeesperanza.org\/index.php?rest_route=\/wp\/v2\/pages"}],"about":[{"href":"https:\/\/www.ayresdeesperanza.org\/index.php?rest_route=\/wp\/v2\/types\/page"}],"author":[{"embeddable":true,"href":"https:\/\/www.ayresdeesperanza.org\/index.php?rest_route=\/wp\/v2\/users\/1"}],"replies":[{"embeddable":true,"href":"https:\/\/www.ayresdeesperanza.org\/index.php?rest_route=%2Fwp%2Fv2%2Fcomments&post=795"}],"version-history":[{"count":1,"href":"https:\/\/www.ayresdeesperanza.org\/index.php?rest_route=\/wp\/v2\/pages\/795\/revisions"}],"predecessor-version":[{"id":796,"href":"https:\/\/www.ayresdeesperanza.org\/index.php?rest_route=\/wp\/v2\/pages\/795\/revisions\/796"}],"wp:attachment":[{"href":"https:\/\/www.ayresdeesperanza.org\/index.php?rest_route=%2Fwp%2Fv2%2Fmedia&parent=795"}],"curies":[{"name":"wp","href":"https:\/\/api.w.org\/{rel}","templated":true}]}}