{"id":799,"date":"2015-10-19T13:04:38","date_gmt":"2015-10-19T13:04:38","guid":{"rendered":"http:\/\/www.ayresdeesperanza.org\/?page_id=799"},"modified":"2018-09-24T13:15:39","modified_gmt":"2018-09-24T13:15:39","slug":"dona","status":"publish","type":"page","link":"https:\/\/www.ayresdeesperanza.org\/?page_id=799","title":{"rendered":"Don\u00e1"},"content":{"rendered":"<p><b>Tu aporte es imprescindible<\/b>\u00a0para que podamos seguir trabajando y ayudando a las familias del Barrio Salas.<\/p>\n<p><b>Formas de Colaborar:<\/b><\/p>\n<p><b>EMPRESAS<\/b><\/p>\n<ul>\n<li><b>PADRINAZGO TOTAL DE UNA SALA DE JARDIN DE INFANTES, GABINETE O TALLER.<\/b><\/li>\n<li><b>PADRINAZGO PARCIAL DE UNA SALA, GABINTE O TALLER.<\/b><\/li>\n<li><b>DONACION MENSUAL DE MONTO FIJO<\/b><\/li>\n<li><b>DONACION PUNTUAL<\/b><\/li>\n<\/ul>\n<p>Articulando sus \u00e1reas de voluntariado y\/o responsabilidad social con\u00a0Programas de Ayres de Esperanza.<\/p>\n<p><b>PERSONAS<\/b><\/p>\n<ul>\n<li>\n<h5>Donando dinero en efectivo y\/o\u00a0transferencias bancarias.<\/h5>\n<div class=\"rescue-box blue none  rescue-all\" style=\"text-align:left; width:100%;\"> \n<strong>Banco Credicoop Sucursal Pilar<\/strong><\/p>\n<p class=\"ydpc1b7c5e6MsoNormal\">CBU <strong>19101226 55012201361882<\/strong><\/p>\n<p class=\"ydpc1b7c5e6MsoNormal\">Nro de cuenta: cta.cte. <strong>013618\/8 Sucursal 122<\/strong>.<\/p>\n<p class=\"ydpc1b7c5e6MsoNormal\">Nombre:\u00a0<b>Ayres de Esperanza Centro Comunitario<\/b><\/p>\n<p class=\"ydpc1b7c5e6MsoNormal\">CUIT\u00a0 \u00a0 \u00a0 \u00a0<strong>30-70893645-2<\/strong><\/p>\n<\/div>\n<\/li>\n<li>\n<h5>Donando a trav\u00e9s de\u00a0tarjetas de cr\u00e9dito\u00a0<a href=\"https:\/\/donaronline.org\/ayres-de-esperanza\/donar-ayuda\">Click Aqu\u00ed<\/a><\/h5>\n<\/li>\n<li>Realizando un\u00a0aporte mensual a trav\u00e9s de las expensas, si sos vecino de Ayres de Esperanza<\/li>\n<li>Participando de las\u00a0campa\u00f1as.\u00a0<a href=\"https:\/\/www.facebook.com\/Ayresdeesperanza\">Click Aqu\u00ed<\/a><\/li>\n<li>Sum\u00e1ndose como\u00a0Voluntario de Ayres de Esperanza.\u00a0<a href=\"https:\/\/www.ayresdeesperanza.org\/?page_id=797\">Click Aqu\u00ed<\/a><\/li>\n<li>Donaci\u00f3n de ropa y elementos de la casa.<\/li>\n<\/ul>\n<p><b>INSTITUCIONES <\/b><b>EDUCATIVAS<\/b><\/p>\n<ul>\n<li>Canalizando sus acciones solidarias y\/o curriculares dentro de los \u00a0la Fundaci\u00f3n.<\/li>\n<li>Sum\u00e1ndose a las Campa\u00f1as de Ayres de Esperanza desde la difusi\u00f3n y el compromiso de las familias.<\/li>\n<li>Generando nuevas campa\u00f1as vinculadas a sus objetivos &#8211; misi\u00f3n que generen insumos para los programas.<\/li>\n<li>Organizando eventos con las familias para generar fondos para financiar alg\u00fan programa.<\/li>\n<li>Brindando sus instalaciones para realizar\u00a0Eventos de recaudaci\u00f3n\u00a0y\/o conferencias.<\/li>\n<li>Abriendo sus puertas para invitar a las familias a sumarse como\u00a0Voluntarios de los programas de Ayres de Esperanza.<\/li>\n<li>Si estas interesado en participar, comunicate con nosotros.<\/li>\n<\/ul>\n<p><strong>Ropa y Elementos de la casa<\/strong><\/p>\n<p>Peri\u00f3dicamente Ayres de Esperanza realiza una feria en el barrio privado Ayres de Pilar destinada a los empleados de seguridad, mantenimiento y servicio dom\u00e9stico. En ella se ponen a la venta ropa usada, art\u00edculos electr\u00f3nicos, etc. , producto de la colecta de donaciones.<\/p>\n<p>La feria para empleados cumple una doble funci\u00f3n ben\u00e9fica. Por un lado los empleados del barrio acceden a bienes que salen a la venta a valores muy bajos y por otro lado Ayres de Esperanza recauda fondos para la financiaci\u00f3n de sus proyectos.<\/p>\n<p>Para donar escribinos a: <a href=\"mailto:ayresdeesperanza@gmail.com\">ayresdeesperanza@gmail.com<\/a><\/p>\n","protected":false},"excerpt":{"rendered":"<p>Tu aporte es imprescindible\u00a0para que podamos seguir trabajando y ayudando a las familias del Barrio Salas. Formas de Colaborar: EMPRESAS PADRINAZGO TOTAL DE UNA SALA DE JARDIN DE INFANTES, GABINETE O TALLER. PADRINAZGO PARCIAL DE UNA SALA, GABINTE O TALLER. DONACION MENSUAL DE MONTO FIJO DONACION PUNTUAL Articulando sus \u00e1reas de voluntariado y\/o responsabilidad social con\u00a0Programas de Ayres de Esperanza. PERSONAS Donando dinero en efectivo y\/o\u00a0transferencias bancarias. Donando a trav\u00e9s de\u00a0tarjetas de cr\u00e9dito\u00a0Click Aqu\u00ed Realizando un\u00a0aporte mensual a trav\u00e9s de &#8230; <i><a class=\"read-more\" href=\"https:\/\/www.ayresdeesperanza.org\/?page_id=799\">read more<\/a><\/i><\/p>\n","protected":false},"author":1,"featured_media":0,"parent":0,"menu_order":0,"comment_status":"closed","ping_status":"closed","template":"","meta":[],"_links":{"self":[{"href":"https:\/\/www.ayresdeesperanza.org\/index.php?rest_route=\/wp\/v2\/pages\/799"}],"collection":[{"href":"https:\/\/www.ayresdeesperanza.org\/index.php?rest_route=\/wp\/v2\/pages"}],"about":[{"href":"https:\/\/www.ayresdeesperanza.org\/index.php?rest_route=\/wp\/v2\/types\/page"}],"author":[{"embeddable":true,"href":"https:\/\/www.ayresdeesperanza.org\/index.php?rest_route=\/wp\/v2\/users\/1"}],"replies":[{"embeddable":true,"href":"https:\/\/www.ayresdeesperanza.org\/index.php?rest_route=%2Fwp%2Fv2%2Fcomments&post=799"}],"version-history":[{"count":30,"href":"https:\/\/www.ayresdeesperanza.org\/index.php?rest_route=\/wp\/v2\/pages\/799\/revisions"}],"predecessor-version":[{"id":1251,"href":"https:\/\/www.ayresdeesperanza.org\/index.php?rest_route=\/wp\/v2\/pages\/799\/revisions\/1251"}],"wp:attachment":[{"href":"https:\/\/www.ayresdeesperanza.org\/index.php?rest_route=%2Fwp%2Fv2%2Fmedia&parent=799"}],"curies":[{"name":"wp","href":"https:\/\/api.w.org\/{rel}","templated":true}]}}